{"id":169,"date":"2019-07-04T04:16:30","date_gmt":"2019-07-04T04:16:30","guid":{"rendered":"http:\/\/ambicicol.com\/?page_id=169"},"modified":"2020-12-23T20:40:13","modified_gmt":"2020-12-23T20:40:13","slug":"asesorias-y-servicios","status":"publish","type":"page","link":"https:\/\/ambicicol.com\/index.php\/asesorias-y-servicios\/","title":{"rendered":"ASESOR\u00cdAS Y SERVICIOS"},"content":{"rendered":"<p>[et_pb_section fb_built=&#8221;1&#8243; _builder_version=&#8221;3.25.2&#8243; custom_margin_tablet=&#8221;&#8221; custom_margin_phone=&#8221;-49px||&#8221; custom_margin_last_edited=&#8221;on|desktop&#8221;][et_pb_row _builder_version=&#8221;3.25.2&#8243;][et_pb_column type=&#8221;4_4&#8243; _builder_version=&#8221;3.25.2&#8243;][et_pb_image src=&#8221;http:\/\/ambicicol.com\/wp-content\/uploads\/2020\/12\/BASE-ASOSORIAS.jpg&#8221; _builder_version=&#8221;4.5.3&#8243; transform_scale=&#8221;136%|136%&#8221; animation_style=&#8221;fade&#8221; hover_enabled=&#8221;0&#8243; title_text=&#8221;BASE ASOSOR\u00cdAS&#8221;][\/et_pb_image][\/et_pb_column][\/et_pb_row][et_pb_row _builder_version=&#8221;3.25.2&#8243;][et_pb_column type=&#8221;4_4&#8243; _builder_version=&#8221;3.25.2&#8243;][et_pb_divider show_divider=&#8221;off&#8221; _builder_version=&#8221;3.25.2&#8243;][\/et_pb_divider][\/et_pb_column][\/et_pb_row][et_pb_row _builder_version=&#8221;3.25.2&#8243;][et_pb_column type=&#8221;4_4&#8243; _builder_version=&#8221;3.25.2&#8243;][et_pb_text _builder_version=&#8221;3.27.4&#8243; header_font=&#8221;bebas-neu||||||||&#8221; header_text_color=&#8221;#538914&#8243; header_font_size=&#8221;60px&#8221;]<\/p>\n<h1 style=\"text-align: center;\">ASESOR\u00cdAS Y SERVICIOS<\/h1>\n<p>[\/et_pb_text][\/et_pb_column][\/et_pb_row][et_pb_row _builder_version=&#8221;3.25.2&#8243;][et_pb_column type=&#8221;4_4&#8243; _builder_version=&#8221;3.25.2&#8243;][et_pb_text _builder_version=&#8221;4.5.3&#8243; text_font=&#8221;Abel||||||||&#8221; text_font_size=&#8221;30px&#8221; text_line_height=&#8221;1.8em&#8221; custom_margin=&#8221;|30px||30px&#8221; custom_margin_tablet=&#8221;&#8221; custom_margin_phone=&#8221;|5px||5px&#8221; custom_margin_last_edited=&#8221;on|desktop&#8221; hover_enabled=&#8221;0&#8243; text_font_size_tablet=&#8221;&#8221; text_font_size_phone=&#8221;25px&#8221; text_font_size_last_edited=&#8221;on|phone&#8221;]<\/p>\n<p style=\"text-align: center;\">Brindamos asistencia permanente, recomendaciones espec\u00edficas sobre operaciones, necesidades y proyectos, orientando a nuestros clientes a la optimizaci\u00f3n de sus recursos y la b\u00fasqueda de las mejores soluciones.<\/p>\n<p>[\/et_pb_text][\/et_pb_column][\/et_pb_row][et_pb_row _builder_version=&#8221;4.5.3&#8243; _module_preset=&#8221;default&#8221; column_structure=&#8221;1_2,1_2&#8243;][et_pb_column _builder_version=&#8221;4.5.3&#8243; _module_preset=&#8221;default&#8221; type=&#8221;1_2&#8243;][et_pb_text _builder_version=&#8221;4.5.3&#8243; _module_preset=&#8221;default&#8221; text_font=&#8221;Abel||||||||&#8221; text_font_size=&#8221;30px&#8221; text_font_size_phone=&#8221;25px&#8221; text_font_size_last_edited=&#8221;on|phone&#8221; text_line_height=&#8221;1.8em&#8221; custom_margin=&#8221;|30px||30px&#8221; custom_margin_phone=&#8221;|5px||5px&#8221; custom_margin_last_edited=&#8221;on|desktop&#8221; hover_enabled=&#8221;0&#8243;]<\/p>\n<p><span style=\"color: #339966;\"><strong>\u00bb<\/strong><\/span> Campa\u00f1as de sensibilizaci\u00f3n ambiental y capacitaciones.<br \/> <span style=\"color: #339966;\"><strong>\u00bb<\/strong><\/span> Asesor\u00edas de sistemas seguridad, salud y de gesti\u00f3n de calidad.<br \/> <span style=\"color: #339966;\"><strong>\u00bb<\/strong><\/span> Planes, programas o proyectos orientados a la consecuci\u00f3n del bienestar de las especies de fauna y flora.<\/p>\n<p>[\/et_pb_text][\/et_pb_column][et_pb_column _builder_version=&#8221;4.5.3&#8243; _module_preset=&#8221;default&#8221; type=&#8221;1_2&#8243;][et_pb_text _builder_version=&#8221;4.5.3&#8243; _module_preset=&#8221;default&#8221; text_font=&#8221;Abel||||||||&#8221; text_font_size=&#8221;30px&#8221; text_font_size_phone=&#8221;25px&#8221; text_font_size_last_edited=&#8221;on|phone&#8221; text_line_height=&#8221;1.8em&#8221; custom_margin=&#8221;|30px||30px&#8221; custom_margin_phone=&#8221;|5px||5px&#8221; custom_margin_last_edited=&#8221;on|desktop&#8221; hover_enabled=&#8221;0&#8243;]<\/p>\n<p><span style=\"color: #339966;\"><strong>\u00bb<\/strong><\/span> Servicios de consultor\u00eda ambiental.<br \/> <span style=\"color: #339966;\"><strong>\u00bb<\/strong><\/span> Elaboraci\u00f3n de planes de contingencia.<br \/> <span style=\"color: #339966;\"><strong>\u00bb<\/strong><\/span> Elaboraci\u00f3n de informes de reporte a las autoridades ambientales.<br \/> <span style=\"color: #339966;\"><strong>\u00bb<\/strong><\/span> Servicio y asesor\u00eda en la creaci\u00f3n del sistema de seguridad y salud trabajo y evaluaciones de impacto ambiental.<\/p>\n<p>[\/et_pb_text][\/et_pb_column][\/et_pb_row][\/et_pb_section]<\/p>\n","protected":false},"excerpt":{"rendered":"<p>[et_pb_section fb_built=&#8221;1&#8243; _builder_version=&#8221;3.25.2&#8243; custom_margin_tablet=&#8221;&#8221; custom_margin_phone=&#8221;-49px||&#8221; custom_margin_last_edited=&#8221;on|desktop&#8221;][et_pb_row _builder_version=&#8221;3.25.2&#8243;][et_pb_column type=&#8221;4_4&#8243; _builder_version=&#8221;3.25.2&#8243;][et_pb_image src=&#8221;http:\/\/ambicicol.com\/wp-content\/uploads\/2020\/12\/BASE-ASOSORIAS.jpg&#8221; _builder_version=&#8221;4.5.3&#8243; transform_scale=&#8221;136%|136%&#8221; animation_style=&#8221;fade&#8221; hover_enabled=&#8221;0&#8243; title_text=&#8221;BASE ASOSOR\u00cdAS&#8221;][\/et_pb_image][\/et_pb_column][\/et_pb_row][et_pb_row _builder_version=&#8221;3.25.2&#8243;][et_pb_column type=&#8221;4_4&#8243; _builder_version=&#8221;3.25.2&#8243;][et_pb_divider show_divider=&#8221;off&#8221; _builder_version=&#8221;3.25.2&#8243;][\/et_pb_divider][\/et_pb_column][\/et_pb_row][et_pb_row _builder_version=&#8221;3.25.2&#8243;][et_pb_column type=&#8221;4_4&#8243; _builder_version=&#8221;3.25.2&#8243;][et_pb_text _builder_version=&#8221;3.27.4&#8243; header_font=&#8221;bebas-neu||||||||&#8221; header_text_color=&#8221;#538914&#8243; header_font_size=&#8221;60px&#8221;] ASESOR\u00cdAS Y SERVICIOS [\/et_pb_text][\/et_pb_column][\/et_pb_row][et_pb_row _builder_version=&#8221;3.25.2&#8243;][et_pb_column type=&#8221;4_4&#8243; _builder_version=&#8221;3.25.2&#8243;][et_pb_text _builder_version=&#8221;4.5.3&#8243; text_font=&#8221;Abel||||||||&#8221; text_font_size=&#8221;30px&#8221; text_line_height=&#8221;1.8em&#8221; custom_margin=&#8221;|30px||30px&#8221; custom_margin_tablet=&#8221;&#8221; custom_margin_phone=&#8221;|5px||5px&#8221; custom_margin_last_edited=&#8221;on|desktop&#8221; hover_enabled=&#8221;0&#8243; text_font_size_tablet=&#8221;&#8221; text_font_size_phone=&#8221;25px&#8221; text_font_size_last_edited=&#8221;on|phone&#8221;] Brindamos asistencia permanente, recomendaciones espec\u00edficas sobre operaciones, necesidades [&hellip;]<\/p>\n","protected":false},"author":1,"featured_media":0,"parent":0,"menu_order":0,"comment_status":"closed","ping_status":"closed","template":"","meta":{"_et_pb_use_builder":"on","_et_pb_old_content":"<!-- wp:divi\/placeholder \/-->","_et_gb_content_width":""},"_links":{"self":[{"href":"https:\/\/ambicicol.com\/index.php\/wp-json\/wp\/v2\/pages\/169"}],"collection":[{"href":"https:\/\/ambicicol.com\/index.php\/wp-json\/wp\/v2\/pages"}],"about":[{"href":"https:\/\/ambicicol.com\/index.php\/wp-json\/wp\/v2\/types\/page"}],"author":[{"embeddable":true,"href":"https:\/\/ambicicol.com\/index.php\/wp-json\/wp\/v2\/users\/1"}],"replies":[{"embeddable":true,"href":"https:\/\/ambicicol.com\/index.php\/wp-json\/wp\/v2\/comments?post=169"}],"version-history":[{"count":6,"href":"https:\/\/ambicicol.com\/index.php\/wp-json\/wp\/v2\/pages\/169\/revisions"}],"predecessor-version":[{"id":835,"href":"https:\/\/ambicicol.com\/index.php\/wp-json\/wp\/v2\/pages\/169\/revisions\/835"}],"wp:attachment":[{"href":"https:\/\/ambicicol.com\/index.php\/wp-json\/wp\/v2\/media?parent=169"}],"curies":[{"name":"wp","href":"https:\/\/api.w.org\/{rel}","templated":true}]}}