{"id":33,"date":"2019-07-01T14:55:21","date_gmt":"2019-07-01T14:55:21","guid":{"rendered":"http:\/\/ambicicol.com\/?page_id=33"},"modified":"2020-12-23T15:09:12","modified_gmt":"2020-12-23T15:09:12","slug":"quienes-somos","status":"publish","type":"page","link":"https:\/\/ambicicol.com\/index.php\/quienes-somos\/","title":{"rendered":"QUIENES SOMOS"},"content":{"rendered":"<p>[et_pb_section fb_built=&#8221;1&#8243; _builder_version=&#8221;3.25.2&#8243; custom_padding=&#8221;26px|||||&#8221;][et_pb_row _builder_version=&#8221;3.25.2&#8243;][et_pb_column type=&#8221;4_4&#8243; _builder_version=&#8221;3.25.2&#8243;][et_pb_image src=&#8221;http:\/\/ambicicol.com\/wp-content\/uploads\/2019\/07\/Sin-t\u00edtulo-1.jpg&#8221; align=&#8221;center&#8221; _builder_version=&#8221;4.5.3&#8243; transform_rotate=&#8221;-1deg|14deg|0deg&#8221;][\/et_pb_image][\/et_pb_column][\/et_pb_row][et_pb_row _builder_version=&#8221;4.5.3&#8243; _module_preset=&#8221;default&#8221; custom_padding=&#8221;0px|||||&#8221;][et_pb_column type=&#8221;4_4&#8243; _builder_version=&#8221;4.5.3&#8243; _module_preset=&#8221;default&#8221;][et_pb_image src=&#8221;http:\/\/ambicicol.com\/wp-content\/uploads\/2020\/12\/PARA-PAGINA.jpg&#8221; alt=&#8221;Proyecto Reserva Topoco&#8221; title_text=&#8221;Proyecto Reserva Topocoro&#8221; _builder_version=&#8221;4.5.3&#8243; _module_preset=&#8221;default&#8221; transform_scale=&#8221;94%|94%&#8221; width_tablet=&#8221;&#8221; width_phone=&#8221;&#8221; width_last_edited=&#8221;on|desktop&#8221;][\/et_pb_image][\/et_pb_column][\/et_pb_row][et_pb_row _builder_version=&#8221;3.25.2&#8243;][et_pb_column type=&#8221;4_4&#8243; _builder_version=&#8221;3.25.2&#8243;][et_pb_text _builder_version=&#8221;3.27.4&#8243; text_font=&#8221;||||||||&#8221; header_font=&#8221;bebas-neu||||||||&#8221; header_text_align=&#8221;center&#8221; header_text_color=&#8221;#004f1e&#8221; header_font_size=&#8221;61px&#8221;]<\/p>\n<h1 style=\"text-align: center;\"><span>\u00bfQui\u00e9nes somos?\u00a0<\/span><\/h1>\n<p>[\/et_pb_text][\/et_pb_column][\/et_pb_row][et_pb_row _builder_version=&#8221;4.5.3&#8243; _module_preset=&#8221;default&#8221;][et_pb_column type=&#8221;4_4&#8243; _builder_version=&#8221;4.5.3&#8243; _module_preset=&#8221;default&#8221;][et_pb_text _builder_version=&#8221;4.5.3&#8243; _module_preset=&#8221;default&#8221; text_font=&#8221;Abel||||||||&#8221; text_font_size=&#8221;30px&#8221; text_line_height=&#8221;1.8em&#8221; header_font=&#8221;bebas-neu||||||||&#8221; header_text_color=&#8221;#004f1e&#8221; header_font_size=&#8221;50px&#8221; custom_margin=&#8221;|30px||30px&#8221; animation_style=&#8221;fade&#8221; text_font_size_tablet=&#8221;&#8221; text_font_size_phone=&#8221;20px&#8221; text_font_size_last_edited=&#8221;on|phone&#8221;]<\/p>\n<p style=\"text-align: justify;\">Somos una empresa conformada por profesionales con amplia experiencia en temas ambientales, civiles arquitect\u00f3nicos y suministro del sector agro industrial, que brinda a nuestros clientes servicios altamente efectivos, con los mejores est\u00e1ndares de calidad, competentes con el precio y enfocados en la excelencia operacional.<\/p>\n<p>[\/et_pb_text][\/et_pb_column][\/et_pb_row][et_pb_row column_structure=&#8221;1_2,1_2&#8243; _builder_version=&#8221;3.25.2&#8243; custom_padding=&#8221;||11px|||&#8221;][et_pb_column type=&#8221;1_2&#8243; _builder_version=&#8221;3.25.2&#8243;][et_pb_text _builder_version=&#8221;3.27.4&#8243; text_font=&#8221;Abel||||||||&#8221; text_font_size=&#8221;30px&#8221; text_line_height=&#8221;1.8em&#8221; header_font=&#8221;bebas-neu||||||||&#8221; header_text_color=&#8221;#004f1e&#8221; header_font_size=&#8221;50px&#8221; custom_margin=&#8221;|30px||30px&#8221; animation_style=&#8221;fade&#8221; text_font_size_tablet=&#8221;&#8221; text_font_size_phone=&#8221;20px&#8221; text_font_size_last_edited=&#8221;on|phone&#8221;]<\/p>\n<h1 style=\"text-align: center;\">MISI\u00d3N<\/h1>\n<p style=\"text-align: justify;\">En AMBICICOL S.A.S tenemos como misi\u00f3n la prestaci\u00f3n de servicios de ingenie- r\u00eda y\u00a0consultor\u00eda ambiental y civil, teniendo como principio el uso sostenible y conservaci\u00f3n\u00a0de los recursos naturales comprometidos con la excelencia operacional en cada una de\u00a0nuestras actividades.<\/p>\n<p>[\/et_pb_text][\/et_pb_column][et_pb_column type=&#8221;1_2&#8243; _builder_version=&#8221;3.25.2&#8243;][et_pb_text _builder_version=&#8221;3.27.4&#8243; text_font=&#8221;Abel||||||||&#8221; text_font_size=&#8221;30px&#8221; text_line_height=&#8221;1.8em&#8221; header_font=&#8221;bebas-neu||||||||&#8221; header_text_color=&#8221;#004f1e&#8221; header_font_size=&#8221;50px&#8221; custom_margin=&#8221;|30px||30px&#8221; animation_style=&#8221;fade&#8221; text_font_size_tablet=&#8221;&#8221; text_font_size_phone=&#8221;20px&#8221; text_font_size_last_edited=&#8221;on|tablet&#8221;]<\/p>\n<h1 style=\"text-align: center;\">VISI\u00d3N<\/h1>\n<p style=\"text-align: justify;\">Para el a\u00f1o 2025 AMBICICOL S.A.S ser\u00e1 una compa\u00f1\u00eda l\u00edder altamente competitiva en\u00a0la prestaci\u00f3n de servicios de ingenier\u00eda y consultor\u00edas ambientales y civiles, orientada\u00a0en el manejo sostenible de los recursos naturales con el mejor crecimiento, ofreciendo servicios con est\u00e1ndares de calidad a nivel mundial.<\/p>\n<p>&nbsp;<\/p>\n<p>[\/et_pb_text][\/et_pb_column][\/et_pb_row][et_pb_row _builder_version=&#8221;4.5.3&#8243; _module_preset=&#8221;default&#8221;][et_pb_column type=&#8221;4_4&#8243; _builder_version=&#8221;4.5.3&#8243; _module_preset=&#8221;default&#8221;][et_pb_text _builder_version=&#8221;4.5.3&#8243; _module_preset=&#8221;default&#8221; text_font=&#8221;||||||||&#8221; header_font=&#8221;bebas-neu||||||||&#8221; header_text_align=&#8221;center&#8221; header_text_color=&#8221;#004f1e&#8221; header_font_size=&#8221;61px&#8221;]<\/p>\n<h1 style=\"text-align: center;\">Nuestro equipo est\u00e1 a su servicio.<\/h1>\n<p>[\/et_pb_text][\/et_pb_column][\/et_pb_row][\/et_pb_section]<\/p>\n","protected":false},"excerpt":{"rendered":"<p>[et_pb_section fb_built=&#8221;1&#8243; _builder_version=&#8221;3.25.2&#8243; custom_padding=&#8221;26px|||||&#8221;][et_pb_row _builder_version=&#8221;3.25.2&#8243;][et_pb_column type=&#8221;4_4&#8243; _builder_version=&#8221;3.25.2&#8243;][et_pb_image src=&#8221;http:\/\/ambicicol.com\/wp-content\/uploads\/2019\/07\/Sin-t\u00edtulo-1.jpg&#8221; align=&#8221;center&#8221; _builder_version=&#8221;4.5.3&#8243; transform_rotate=&#8221;-1deg|14deg|0deg&#8221;][\/et_pb_image][\/et_pb_column][\/et_pb_row][et_pb_row _builder_version=&#8221;4.5.3&#8243; _module_preset=&#8221;default&#8221; custom_padding=&#8221;0px|||||&#8221;][et_pb_column type=&#8221;4_4&#8243; _builder_version=&#8221;4.5.3&#8243; _module_preset=&#8221;default&#8221;][et_pb_image src=&#8221;http:\/\/ambicicol.com\/wp-content\/uploads\/2020\/12\/PARA-PAGINA.jpg&#8221; alt=&#8221;Proyecto Reserva Topoco&#8221; title_text=&#8221;Proyecto Reserva Topocoro&#8221; _builder_version=&#8221;4.5.3&#8243; _module_preset=&#8221;default&#8221; transform_scale=&#8221;94%|94%&#8221; width_tablet=&#8221;&#8221; width_phone=&#8221;&#8221; width_last_edited=&#8221;on|desktop&#8221;][\/et_pb_image][\/et_pb_column][\/et_pb_row][et_pb_row _builder_version=&#8221;3.25.2&#8243;][et_pb_column type=&#8221;4_4&#8243; _builder_version=&#8221;3.25.2&#8243;][et_pb_text _builder_version=&#8221;3.27.4&#8243; text_font=&#8221;||||||||&#8221; header_font=&#8221;bebas-neu||||||||&#8221; header_text_align=&#8221;center&#8221; header_text_color=&#8221;#004f1e&#8221; header_font_size=&#8221;61px&#8221;] \u00bfQui\u00e9nes somos?\u00a0 [\/et_pb_text][\/et_pb_column][\/et_pb_row][et_pb_row _builder_version=&#8221;4.5.3&#8243; _module_preset=&#8221;default&#8221;][et_pb_column type=&#8221;4_4&#8243; _builder_version=&#8221;4.5.3&#8243; _module_preset=&#8221;default&#8221;][et_pb_text _builder_version=&#8221;4.5.3&#8243; _module_preset=&#8221;default&#8221; text_font=&#8221;Abel||||||||&#8221; text_font_size=&#8221;30px&#8221; text_line_height=&#8221;1.8em&#8221; header_font=&#8221;bebas-neu||||||||&#8221; header_text_color=&#8221;#004f1e&#8221; header_font_size=&#8221;50px&#8221; [&hellip;]<\/p>\n","protected":false},"author":1,"featured_media":0,"parent":0,"menu_order":0,"comment_status":"closed","ping_status":"closed","template":"","meta":{"_et_pb_use_builder":"on","_et_pb_old_content":"<!-- wp:divi\/placeholder \/-->","_et_gb_content_width":""},"_links":{"self":[{"href":"https:\/\/ambicicol.com\/index.php\/wp-json\/wp\/v2\/pages\/33"}],"collection":[{"href":"https:\/\/ambicicol.com\/index.php\/wp-json\/wp\/v2\/pages"}],"about":[{"href":"https:\/\/ambicicol.com\/index.php\/wp-json\/wp\/v2\/types\/page"}],"author":[{"embeddable":true,"href":"https:\/\/ambicicol.com\/index.php\/wp-json\/wp\/v2\/users\/1"}],"replies":[{"embeddable":true,"href":"https:\/\/ambicicol.com\/index.php\/wp-json\/wp\/v2\/comments?post=33"}],"version-history":[{"count":16,"href":"https:\/\/ambicicol.com\/index.php\/wp-json\/wp\/v2\/pages\/33\/revisions"}],"predecessor-version":[{"id":790,"href":"https:\/\/ambicicol.com\/index.php\/wp-json\/wp\/v2\/pages\/33\/revisions\/790"}],"wp:attachment":[{"href":"https:\/\/ambicicol.com\/index.php\/wp-json\/wp\/v2\/media?parent=33"}],"curies":[{"name":"wp","href":"https:\/\/api.w.org\/{rel}","templated":true}]}}