{"id":87,"date":"2019-07-03T23:54:48","date_gmt":"2019-07-03T23:54:48","guid":{"rendered":"http:\/\/ambicicol.com\/?page_id=87"},"modified":"2020-12-23T19:48:05","modified_gmt":"2020-12-23T19:48:05","slug":"servicios-ambientales","status":"publish","type":"page","link":"https:\/\/ambicicol.com\/index.php\/servicios-ambientales\/","title":{"rendered":"SERVICIOS AMBIENTALES"},"content":{"rendered":"<p>[et_pb_section fb_built=&#8221;1&#8243; _builder_version=&#8221;3.25.2&#8243; custom_padding=&#8221;||31px|||&#8221;][et_pb_row _builder_version=&#8221;3.25.2&#8243; width=&#8221;83.3%&#8221; custom_padding=&#8221;|1px||||&#8221;][et_pb_column type=&#8221;4_4&#8243; _builder_version=&#8221;3.25.2&#8243;][et_pb_image src=&#8221;http:\/\/ambicicol.com\/wp-content\/uploads\/2020\/12\/Servicios-Ambientales-01.jpg&#8221; align=&#8221;center&#8221; force_fullwidth=&#8221;on&#8221; _builder_version=&#8221;4.5.3&#8243; transform_scale=&#8221;126%|126%&#8221; custom_margin=&#8221;-28px|||||&#8221; custom_padding=&#8221;|||1px||&#8221; animation_style=&#8221;fade&#8221; hover_enabled=&#8221;0&#8243; title_text=&#8221;Servicios Ambientales-01&#8243;][\/et_pb_image][\/et_pb_column][\/et_pb_row][et_pb_row _builder_version=&#8221;3.25.2&#8243;][et_pb_column type=&#8221;4_4&#8243; _builder_version=&#8221;3.25.2&#8243;][et_pb_divider show_divider=&#8221;off&#8221; _builder_version=&#8221;3.25.2&#8243;][\/et_pb_divider][\/et_pb_column][\/et_pb_row][et_pb_row _builder_version=&#8221;3.25.2&#8243;][et_pb_column type=&#8221;4_4&#8243; _builder_version=&#8221;3.25.2&#8243;][et_pb_text _builder_version=&#8221;3.27.4&#8243; text_font=&#8221;bebas-neu||||||||&#8221; header_font=&#8221;bebas-neu||||||||&#8221; header_text_color=&#8221;#538914&#8243; header_font_size=&#8221;59px&#8221; header_2_font=&#8221;||||||||&#8221;]<\/p>\n<h1 style=\"text-align: center;\">SERVICIOS AMBIENTALES<\/h1>\n<p>[\/et_pb_text][\/et_pb_column][\/et_pb_row][et_pb_row _builder_version=&#8221;3.25.2&#8243;][et_pb_column type=&#8221;4_4&#8243; _builder_version=&#8221;3.25.2&#8243;][et_pb_text _builder_version=&#8221;4.5.3&#8243; text_font=&#8221;Abel||||||||&#8221; text_font_size=&#8221;28px&#8221; text_line_height=&#8221;1.8em&#8221; custom_margin=&#8221;0px|||30px&#8221; custom_margin_tablet=&#8221;&#8221; custom_margin_phone=&#8221;|||10px&#8221; custom_margin_last_edited=&#8221;on|desktop&#8221; custom_padding=&#8221;0px||&#8221; hover_enabled=&#8221;0&#8243; text_font_size_tablet=&#8221;&#8221; text_font_size_phone=&#8221;23px&#8221; text_font_size_last_edited=&#8221;on|phone&#8221;]<\/p>\n<p style=\"text-align: center;\">construimos soluciones sostenibles gracias a la capacidad de nuestro equipo de trabajo multidisciplinario que aporta herramientas para la ejecuci\u00f3n y viabilidad ambiental de los proyectos.<\/p>\n<p>[\/et_pb_text][\/et_pb_column][\/et_pb_row][et_pb_row _builder_version=&#8221;3.25.2&#8243;][et_pb_column type=&#8221;4_4&#8243; _builder_version=&#8221;3.25.2&#8243;][et_pb_text _builder_version=&#8221;3.27.4&#8243; text_font=&#8221;bebas-neu||||||||&#8221; header_font=&#8221;bebas-neu||||||||&#8221; header_text_color=&#8221;#538914&#8243; header_font_size=&#8221;59px&#8221; header_2_font=&#8221;||||||||&#8221;]<\/p>\n<h1 style=\"text-align: center;\">SERVICIOS<\/h1>\n<p>[\/et_pb_text][\/et_pb_column][\/et_pb_row][et_pb_row _builder_version=&#8221;4.5.3&#8243; _module_preset=&#8221;default&#8221; column_structure=&#8221;1_3,1_3,1_3&#8243;][et_pb_column _builder_version=&#8221;4.5.3&#8243; _module_preset=&#8221;default&#8221; type=&#8221;1_3&#8243;][et_pb_text _builder_version=&#8221;4.5.3&#8243; _module_preset=&#8221;default&#8221; text_font=&#8221;Abel||||||||&#8221; text_font_size=&#8221;28px&#8221; text_font_size_phone=&#8221;23px&#8221; text_font_size_last_edited=&#8221;on|phone&#8221; text_line_height=&#8221;1.8em&#8221; custom_margin=&#8221;0px|||30px&#8221; custom_margin_phone=&#8221;|||7px&#8221; custom_margin_last_edited=&#8221;on|desktop&#8221; custom_padding=&#8221;0px||&#8221; hover_enabled=&#8221;0&#8243;]<\/p>\n<p><span style=\"color: #339966;\"><strong>\u00bb\u00a0<\/strong><\/span>Interventor\u00edas ambientales.<br \/> <span style=\"color: #339966;\"><strong>\u00bb\u00a0<\/strong><\/span>Controles ambientales.<br \/> <span style=\"color: #339966;\"><strong>\u00bb\u00a0<\/strong><\/span>Recuperaci\u00f3n de lodos.<br \/> <span style=\"color: #339966;\"><strong>\u00bb\u00a0<\/strong><\/span>Tratamiento de lodos.<br \/><span style=\"color: #339966;\"><strong>\u00bb\u00a0<\/strong><\/span>Obras de limpieza.<br \/> <span style=\"color: #339966;\"><strong><span style=\"color: #339966;\">\u00bb<\/span>\u00a0<\/strong><\/span>servicio de transporte, recolecci\u00f3n y disposici\u00f3n de residuos s\u00f3lidos, ordinarios, peligrosos y reciclables.<\/p>\n<p>[\/et_pb_text][\/et_pb_column][et_pb_column _builder_version=&#8221;4.5.3&#8243; _module_preset=&#8221;default&#8221; type=&#8221;1_3&#8243;][et_pb_text _builder_version=&#8221;4.5.3&#8243; _module_preset=&#8221;default&#8221; text_font=&#8221;Abel||||||||&#8221; text_font_size=&#8221;28px&#8221; text_font_size_phone=&#8221;23px&#8221; text_font_size_last_edited=&#8221;on|phone&#8221; text_line_height=&#8221;1.8em&#8221; custom_margin=&#8221;0px|||30px&#8221; custom_margin_phone=&#8221;|||7px&#8221; custom_margin_last_edited=&#8221;on|desktop&#8221; custom_padding=&#8221;0px||&#8221; hover_enabled=&#8221;0&#8243;]<\/p>\n<p><span><strong><span style=\"color: #339966;\">\u00bb<\/span>\u00a0<\/strong><\/span>Suministro y alquiler de unidades sanitarias.<br \/> <span><strong><span style=\"color: #339966;\">\u00bb<\/span>\u00a0<\/strong><\/span>Gesti\u00f3n en cultivos forestales.<br \/> <span><strong><span style=\"color: #339966;\">\u00bb<\/span>\u00a0<\/strong><\/span>Construcciones de sistemas de tratamiento de agua potable residual no domestica e industrial.<br \/> <span><strong><span style=\"color: #339966;\">\u00bb<\/span>\u00a0<\/strong><\/span>Monitoreo f\u00edsicos, qu\u00edmicos y biol\u00f3gicos.<br \/> Perforaci\u00f3n de pozos de agua.<\/p>\n<p>[\/et_pb_text][\/et_pb_column][et_pb_column _builder_version=&#8221;4.5.3&#8243; _module_preset=&#8221;default&#8221; type=&#8221;1_3&#8243;][et_pb_text _builder_version=&#8221;4.5.3&#8243; _module_preset=&#8221;default&#8221; text_font=&#8221;Abel||||||||&#8221; text_font_size=&#8221;28px&#8221; text_font_size_phone=&#8221;23px&#8221; text_font_size_last_edited=&#8221;on|phone&#8221; text_line_height=&#8221;1.8em&#8221; custom_margin=&#8221;0px|||30px&#8221; custom_margin_phone=&#8221;|||7px&#8221; custom_margin_last_edited=&#8221;on|desktop&#8221; custom_padding=&#8221;0px||&#8221; hover_enabled=&#8221;0&#8243;]<\/p>\n<p><span><strong><span style=\"color: #339966;\">\u00bb<\/span>\u00a0<\/strong><\/span>Aprovechamiento forestal.<br \/><span style=\"color: #339966;\"><strong>\u00bb<\/strong><\/span>\u00a0Rescate de ep\u00edfitas.<br \/><span><strong><span style=\"color: #339966;\">\u00bb<\/span>\u00a0<\/strong><\/span>Trasplante de \u00e1rboles.<br \/> <span style=\"color: #339966;\"><strong>\u00bb\u00a0<\/strong><\/span>Inventarios forestales.<br \/><span style=\"color: #339966;\"><strong>\u00bb<\/strong><\/span>\u00a0Fumigaci\u00f3n.<br \/> <span><strong><span style=\"color: #339966;\">\u00bb<\/span>\u00a0<\/strong><\/span>Suministro y puesta en marcha de plantas de tratamiento de agua industrial, potable y residual.<\/p>\n<p>[\/et_pb_text][\/et_pb_column][\/et_pb_row][et_pb_row _builder_version=&#8221;4.5.3&#8243; _module_preset=&#8221;default&#8221;][et_pb_column _builder_version=&#8221;4.5.3&#8243; _module_preset=&#8221;default&#8221; type=&#8221;4_4&#8243;][et_pb_image src=&#8221;http:\/\/ambicicol.com\/wp-content\/uploads\/2020\/12\/BASE-AMBIENTAL.jpg&#8221; _builder_version=&#8221;4.5.3&#8243; _module_preset=&#8221;default&#8221; title_text=&#8221;BASE AMBIENTAL&#8221; align=&#8221;center&#8221; force_fullwidth=&#8221;on&#8221; transform_scale=&#8221;126%|126%&#8221; custom_margin=&#8221;-28px|||||&#8221; custom_padding=&#8221;55px|||1px||&#8221; animation_style=&#8221;fade&#8221;][\/et_pb_image][\/et_pb_column][\/et_pb_row][\/et_pb_section]<\/p>\n","protected":false},"excerpt":{"rendered":"<p>[et_pb_section fb_built=&#8221;1&#8243; _builder_version=&#8221;3.25.2&#8243; custom_padding=&#8221;||31px|||&#8221;][et_pb_row _builder_version=&#8221;3.25.2&#8243; width=&#8221;83.3%&#8221; custom_padding=&#8221;|1px||||&#8221;][et_pb_column type=&#8221;4_4&#8243; _builder_version=&#8221;3.25.2&#8243;][et_pb_image src=&#8221;http:\/\/ambicicol.com\/wp-content\/uploads\/2020\/12\/Servicios-Ambientales-01.jpg&#8221; align=&#8221;center&#8221; force_fullwidth=&#8221;on&#8221; _builder_version=&#8221;4.5.3&#8243; transform_scale=&#8221;126%|126%&#8221; custom_margin=&#8221;-28px|||||&#8221; custom_padding=&#8221;|||1px||&#8221; animation_style=&#8221;fade&#8221; hover_enabled=&#8221;0&#8243; title_text=&#8221;Servicios Ambientales-01&#8243;][\/et_pb_image][\/et_pb_column][\/et_pb_row][et_pb_row _builder_version=&#8221;3.25.2&#8243;][et_pb_column type=&#8221;4_4&#8243; _builder_version=&#8221;3.25.2&#8243;][et_pb_divider show_divider=&#8221;off&#8221; _builder_version=&#8221;3.25.2&#8243;][\/et_pb_divider][\/et_pb_column][\/et_pb_row][et_pb_row _builder_version=&#8221;3.25.2&#8243;][et_pb_column type=&#8221;4_4&#8243; _builder_version=&#8221;3.25.2&#8243;][et_pb_text _builder_version=&#8221;3.27.4&#8243; text_font=&#8221;bebas-neu||||||||&#8221; header_font=&#8221;bebas-neu||||||||&#8221; header_text_color=&#8221;#538914&#8243; header_font_size=&#8221;59px&#8221; header_2_font=&#8221;||||||||&#8221;] SERVICIOS AMBIENTALES [\/et_pb_text][\/et_pb_column][\/et_pb_row][et_pb_row _builder_version=&#8221;3.25.2&#8243;][et_pb_column type=&#8221;4_4&#8243; _builder_version=&#8221;3.25.2&#8243;][et_pb_text _builder_version=&#8221;4.5.3&#8243; text_font=&#8221;Abel||||||||&#8221; text_font_size=&#8221;28px&#8221; text_line_height=&#8221;1.8em&#8221; custom_margin=&#8221;0px|||30px&#8221; custom_margin_tablet=&#8221;&#8221; custom_margin_phone=&#8221;|||10px&#8221; custom_margin_last_edited=&#8221;on|desktop&#8221; custom_padding=&#8221;0px||&#8221; hover_enabled=&#8221;0&#8243; text_font_size_tablet=&#8221;&#8221; text_font_size_phone=&#8221;23px&#8221; text_font_size_last_edited=&#8221;on|phone&#8221;] construimos soluciones [&hellip;]<\/p>\n","protected":false},"author":1,"featured_media":0,"parent":0,"menu_order":0,"comment_status":"closed","ping_status":"closed","template":"","meta":{"_et_pb_use_builder":"on","_et_pb_old_content":"","_et_gb_content_width":""},"_links":{"self":[{"href":"https:\/\/ambicicol.com\/index.php\/wp-json\/wp\/v2\/pages\/87"}],"collection":[{"href":"https:\/\/ambicicol.com\/index.php\/wp-json\/wp\/v2\/pages"}],"about":[{"href":"https:\/\/ambicicol.com\/index.php\/wp-json\/wp\/v2\/types\/page"}],"author":[{"embeddable":true,"href":"https:\/\/ambicicol.com\/index.php\/wp-json\/wp\/v2\/users\/1"}],"replies":[{"embeddable":true,"href":"https:\/\/ambicicol.com\/index.php\/wp-json\/wp\/v2\/comments?post=87"}],"version-history":[{"count":23,"href":"https:\/\/ambicicol.com\/index.php\/wp-json\/wp\/v2\/pages\/87\/revisions"}],"predecessor-version":[{"id":824,"href":"https:\/\/ambicicol.com\/index.php\/wp-json\/wp\/v2\/pages\/87\/revisions\/824"}],"wp:attachment":[{"href":"https:\/\/ambicicol.com\/index.php\/wp-json\/wp\/v2\/media?parent=87"}],"curies":[{"name":"wp","href":"https:\/\/api.w.org\/{rel}","templated":true}]}}